{"id":11,"date":"2018-09-23T20:14:26","date_gmt":"2018-09-23T20:14:26","guid":{"rendered":"http:\/\/artremsol.pl\/?page_id=11"},"modified":"2022-10-11T19:59:33","modified_gmt":"2022-10-11T19:59:33","slug":"o-nas","status":"publish","type":"page","link":"https:\/\/artremsol.pl\/","title":{"rendered":"O nas"},"content":{"rendered":"<p style=\"text-align: center;\">Jeste\u015bmy firm\u0105 powsta\u0142\u0105 w 2008 roku. Od kilku lat prowadzimy dzia\u0142alno\u015b\u0107 handlow\u0105 w zakresie sprzeda\u017cy materia\u0142\u00f3w do zimowego utrzymania dr\u00f3g: soli drogowej, chlorku wapnia oraz chlorku magnezu.<\/p>\n<p style=\"text-align: center;\">Do wci\u0105\u017c poszerzaj\u0105cego si\u0119 grona naszych zadowolonych klient\u00f3w nale\u017c\u0105: samorz\u0105dy gminne, zak\u0142ady us\u0142ug komunalnych, centra handlowe, firmy sprz\u0105taj\u0105ce, wsp\u00f3lnoty mieszkaniowe, firmy zajmuj\u0105ce si\u0119 zimowym utrzymaniem dr\u00f3g oraz podmioty handlowe nabywaj\u0105ce towar do dalszej odsprzeda\u017cy.<\/p>\n<p style=\"text-align: center;\">Oferowane przez nas produkty posiadaj\u0105 wszystkie niezb\u0119dne atesty i dopuszczenia w tym pozytywne opinie wydane przez Instytut Badawczy Dr\u00f3g i Most\u00f3w w Warszawie oraz Pa\u0144stwowy Zak\u0142ad Higieny w Warszawie.<\/p>\n","protected":false},"excerpt":{"rendered":"<p>Jeste\u015bmy firm\u0105 powsta\u0142\u0105 w 2008 roku. Od kilku lat prowadzimy dzia\u0142alno\u015b\u0107 handlow\u0105 w zakresie sprzeda\u017cy materia\u0142\u00f3w do zimowego utrzymania dr\u00f3g: soli drogowej, chlorku wapnia oraz chlorku magnezu. Do wci\u0105\u017c poszerzaj\u0105cego si\u0119 grona naszych zadowolonych klient\u00f3w nale\u017c\u0105: samorz\u0105dy gminne, zak\u0142ady us\u0142ug komunalnych, centra handlowe, firmy sprz\u0105taj\u0105ce, wsp\u00f3lnoty mieszkaniowe, firmy zajmuj\u0105ce si\u0119 zimowym utrzymaniem dr\u00f3g oraz podmioty [&hellip;]<\/p>\n","protected":false},"author":1,"featured_media":0,"parent":0,"menu_order":0,"comment_status":"closed","ping_status":"closed","template":"","meta":{"footnotes":""},"class_list":["post-11","page","type-page","status-publish","entry"],"yoast_head":"<!-- This site is optimized with the Yoast SEO plugin v27.5 - https:\/\/yoast.com\/product\/yoast-seo-wordpress\/ -->\n<title>O nas - Artremsol<\/title>\n<meta name=\"description\" content=\"prowadzimy dzia\u0142alno\u015b\u0107 handlow\u0105 w zakresie sprzeda\u017cy materia\u0142\u00f3w do zimowego utrzymania dr\u00f3g: soli drogowej, chlorku wapnia oraz chlorku magnezu\" \/>\n<meta name=\"robots\" content=\"index, follow, max-snippet:-1, max-image-preview:large, max-video-preview:-1\" \/>\n<link rel=\"canonical\" href=\"https:\/\/artremsol.pl\/\" \/>\n<meta property=\"og:locale\" content=\"en_US\" \/>\n<meta property=\"og:type\" content=\"article\" \/>\n<meta property=\"og:title\" content=\"O nas - Artremsol\" \/>\n<meta property=\"og:description\" content=\"prowadzimy dzia\u0142alno\u015b\u0107 handlow\u0105 w zakresie sprzeda\u017cy materia\u0142\u00f3w do zimowego utrzymania dr\u00f3g: soli drogowej, chlorku wapnia oraz chlorku magnezu\" \/>\n<meta property=\"og:url\" content=\"https:\/\/artremsol.pl\/\" \/>\n<meta property=\"og:site_name\" content=\"Artremsol\" \/>\n<meta property=\"article:modified_time\" content=\"2022-10-11T19:59:33+00:00\" \/>\n<meta name=\"twitter:card\" content=\"summary_large_image\" \/>\n<meta name=\"twitter:label1\" content=\"Est. reading time\" \/>\n\t<meta name=\"twitter:data1\" content=\"1 minute\" \/>\n<script type=\"application\/ld+json\" class=\"yoast-schema-graph\">{\"@context\":\"https:\\\/\\\/schema.org\",\"@graph\":[{\"@type\":\"WebPage\",\"@id\":\"https:\\\/\\\/artremsol.pl\\\/\",\"url\":\"https:\\\/\\\/artremsol.pl\\\/\",\"name\":\"O nas - Artremsol\",\"isPartOf\":{\"@id\":\"https:\\\/\\\/artremsol.pl\\\/#website\"},\"datePublished\":\"2018-09-23T20:14:26+00:00\",\"dateModified\":\"2022-10-11T19:59:33+00:00\",\"description\":\"prowadzimy dzia\u0142alno\u015b\u0107 handlow\u0105 w zakresie sprzeda\u017cy materia\u0142\u00f3w do zimowego utrzymania dr\u00f3g: soli drogowej, chlorku wapnia oraz chlorku magnezu\",\"breadcrumb\":{\"@id\":\"https:\\\/\\\/artremsol.pl\\\/#breadcrumb\"},\"inLanguage\":\"en-US\",\"potentialAction\":[{\"@type\":\"ReadAction\",\"target\":[\"https:\\\/\\\/artremsol.pl\\\/\"]}]},{\"@type\":\"BreadcrumbList\",\"@id\":\"https:\\\/\\\/artremsol.pl\\\/#breadcrumb\",\"itemListElement\":[{\"@type\":\"ListItem\",\"position\":1,\"name\":\"Strona g\u0142\u00f3wna\",\"item\":\"https:\\\/\\\/artremsol.pl\\\/\"},{\"@type\":\"ListItem\",\"position\":2,\"name\":\"O nas\"}]},{\"@type\":\"WebSite\",\"@id\":\"https:\\\/\\\/artremsol.pl\\\/#website\",\"url\":\"https:\\\/\\\/artremsol.pl\\\/\",\"name\":\"Artremsol - S\u00f3l drogowa\",\"description\":\"S\u00f3l Drogowa\",\"potentialAction\":[{\"@type\":\"SearchAction\",\"target\":{\"@type\":\"EntryPoint\",\"urlTemplate\":\"https:\\\/\\\/artremsol.pl\\\/?s={search_term_string}\"},\"query-input\":{\"@type\":\"PropertyValueSpecification\",\"valueRequired\":true,\"valueName\":\"search_term_string\"}}],\"inLanguage\":\"en-US\"}]}<\/script>\n<!-- \/ Yoast SEO plugin. -->","yoast_head_json":{"title":"O nas - Artremsol","description":"prowadzimy dzia\u0142alno\u015b\u0107 handlow\u0105 w zakresie sprzeda\u017cy materia\u0142\u00f3w do zimowego utrzymania dr\u00f3g: soli drogowej, chlorku wapnia oraz chlorku magnezu","robots":{"index":"index","follow":"follow","max-snippet":"max-snippet:-1","max-image-preview":"max-image-preview:large","max-video-preview":"max-video-preview:-1"},"canonical":"https:\/\/artremsol.pl\/","og_locale":"en_US","og_type":"article","og_title":"O nas - Artremsol","og_description":"prowadzimy dzia\u0142alno\u015b\u0107 handlow\u0105 w zakresie sprzeda\u017cy materia\u0142\u00f3w do zimowego utrzymania dr\u00f3g: soli drogowej, chlorku wapnia oraz chlorku magnezu","og_url":"https:\/\/artremsol.pl\/","og_site_name":"Artremsol","article_modified_time":"2022-10-11T19:59:33+00:00","twitter_card":"summary_large_image","twitter_misc":{"Est. reading time":"1 minute"},"schema":{"@context":"https:\/\/schema.org","@graph":[{"@type":"WebPage","@id":"https:\/\/artremsol.pl\/","url":"https:\/\/artremsol.pl\/","name":"O nas - Artremsol","isPartOf":{"@id":"https:\/\/artremsol.pl\/#website"},"datePublished":"2018-09-23T20:14:26+00:00","dateModified":"2022-10-11T19:59:33+00:00","description":"prowadzimy dzia\u0142alno\u015b\u0107 handlow\u0105 w zakresie sprzeda\u017cy materia\u0142\u00f3w do zimowego utrzymania dr\u00f3g: soli drogowej, chlorku wapnia oraz chlorku magnezu","breadcrumb":{"@id":"https:\/\/artremsol.pl\/#breadcrumb"},"inLanguage":"en-US","potentialAction":[{"@type":"ReadAction","target":["https:\/\/artremsol.pl\/"]}]},{"@type":"BreadcrumbList","@id":"https:\/\/artremsol.pl\/#breadcrumb","itemListElement":[{"@type":"ListItem","position":1,"name":"Strona g\u0142\u00f3wna","item":"https:\/\/artremsol.pl\/"},{"@type":"ListItem","position":2,"name":"O nas"}]},{"@type":"WebSite","@id":"https:\/\/artremsol.pl\/#website","url":"https:\/\/artremsol.pl\/","name":"Artremsol - S\u00f3l drogowa","description":"S\u00f3l Drogowa","potentialAction":[{"@type":"SearchAction","target":{"@type":"EntryPoint","urlTemplate":"https:\/\/artremsol.pl\/?s={search_term_string}"},"query-input":{"@type":"PropertyValueSpecification","valueRequired":true,"valueName":"search_term_string"}}],"inLanguage":"en-US"}]}},"_links":{"self":[{"href":"https:\/\/artremsol.pl\/index.php\/wp-json\/wp\/v2\/pages\/11","targetHints":{"allow":["GET"]}}],"collection":[{"href":"https:\/\/artremsol.pl\/index.php\/wp-json\/wp\/v2\/pages"}],"about":[{"href":"https:\/\/artremsol.pl\/index.php\/wp-json\/wp\/v2\/types\/page"}],"author":[{"embeddable":true,"href":"https:\/\/artremsol.pl\/index.php\/wp-json\/wp\/v2\/users\/1"}],"replies":[{"embeddable":true,"href":"https:\/\/artremsol.pl\/index.php\/wp-json\/wp\/v2\/comments?post=11"}],"version-history":[{"count":1,"href":"https:\/\/artremsol.pl\/index.php\/wp-json\/wp\/v2\/pages\/11\/revisions"}],"predecessor-version":[{"id":12,"href":"https:\/\/artremsol.pl\/index.php\/wp-json\/wp\/v2\/pages\/11\/revisions\/12"}],"wp:attachment":[{"href":"https:\/\/artremsol.pl\/index.php\/wp-json\/wp\/v2\/media?parent=11"}],"curies":[{"name":"wp","href":"https:\/\/api.w.org\/{rel}","templated":true}]}}