{"id":13,"date":"2018-09-23T20:15:05","date_gmt":"2018-09-23T20:15:05","guid":{"rendered":"http:\/\/artremsol.pl\/?page_id=13"},"modified":"2022-10-11T19:58:55","modified_gmt":"2022-10-11T19:58:55","slug":"oferta","status":"publish","type":"page","link":"https:\/\/artremsol.pl\/index.php\/oferta\/","title":{"rendered":"Oferta"},"content":{"rendered":"<p style=\"text-align: center;\">W swojej ofercie&nbsp; posiadamy s\u00f3l drogow\u0105 (z antyzbrylaczem) kt\u00f3r\u0105 sprzedajemy:<\/p>\n<p style=\"text-align: center;\">&#8211; luzem (ilo\u015bci ca\u0142osamochodowe),<\/p>\n<p style=\"text-align: center;\">&#8211; w opakowaniach Big-Bag (1000kg),<\/p>\n<p style=\"text-align: center;\">&#8211; workowan\u0105 (25kg).<\/p>\n<p style=\"text-align: center;\">Oferujemy s\u00f3l drogow\u0105 pochodz\u0105c\u0105 g\u0142\u00f3wnie ze sprawdzonej i uznanej kopalni ARTEMSOL na Ukrainie. To najwi\u0119ksza kopalnia soli w Europie.<\/p>\n<p style=\"text-align: center;\">Na ka\u017cdym etapie (transport, magazynowanie, konfekcja) dok\u0142adamy szczeg\u00f3lnych stara\u0144 aby oferowana przez nas s\u00f3l nie traci\u0142a swoich wysokich parametr\u00f3w jako\u015bciowych.<\/p>\n<p style=\"text-align: center;\">Zakupiony towar dostarczamy we wskazane miejsce samochodami samowy\u0142adowczymi lub skrzyniowymi o \u0142adowno\u015bci do 25 Mg. Mniejsze zam\u00f3wienia realizujemy&nbsp; we wsp\u00f3\u0142pracy z firmami kurierskimi (s\u00f3l workowana i w opakowaniach Big-Bag).<\/p>\n<p style=\"text-align: center;\">Minimum logistyczne \u2013 1 tona.<\/p>\n<p style=\"text-align: center;\"><strong>Sprzeda\u017c z odroczonym terminem odbioru.<\/strong><\/p>\n<p style=\"text-align: center;\">Pozwala naszym klientom na zakup soli w najni\u017cszych cenach w miesi\u0105cach letnich i jesiennych. Dzi\u0119ki opcji magazynowania odbi\u00f3r soli nast\u0119puje w dogodnym dla klienta terminie gwarantuj\u0105c jednocze\u015bnie szybk\u0105 realizacj\u0119 dostaw w szczycie sezonu zimowego.<\/p>\n<p style=\"text-align: center;\">\n","protected":false},"excerpt":{"rendered":"<p>W swojej ofercie&nbsp; posiadamy s\u00f3l drogow\u0105 (z antyzbrylaczem) kt\u00f3r\u0105 sprzedajemy: &#8211; luzem (ilo\u015bci ca\u0142osamochodowe), &#8211; w opakowaniach Big-Bag (1000kg), &#8211; workowan\u0105 (25kg). Oferujemy s\u00f3l drogow\u0105 pochodz\u0105c\u0105 g\u0142\u00f3wnie ze sprawdzonej i uznanej kopalni ARTEMSOL na Ukrainie. To najwi\u0119ksza kopalnia soli w Europie. Na ka\u017cdym etapie (transport, magazynowanie, konfekcja) dok\u0142adamy szczeg\u00f3lnych stara\u0144 aby oferowana przez nas s\u00f3l [&hellip;]<\/p>\n","protected":false},"author":1,"featured_media":0,"parent":0,"menu_order":0,"comment_status":"closed","ping_status":"closed","template":"","meta":{"footnotes":""},"class_list":["post-13","page","type-page","status-publish","entry"],"yoast_head":"<!-- This site is optimized with the Yoast SEO plugin v27.4 - https:\/\/yoast.com\/product\/yoast-seo-wordpress\/ -->\n<title>Oferta - Artremsol<\/title>\n<meta name=\"description\" content=\"Oferujemy s\u00f3l drogow\u0105 pochodz\u0105c\u0105 g\u0142\u00f3wnie ze sprawdzonej i uznanej kopalni ARTEMSOL na Ukrainie. To najwi\u0119ksza kopalnia soli w Europie.\" \/>\n<meta name=\"robots\" content=\"index, follow, max-snippet:-1, max-image-preview:large, max-video-preview:-1\" \/>\n<link rel=\"canonical\" href=\"https:\/\/artremsol.pl\/index.php\/oferta\/\" \/>\n<meta property=\"og:locale\" content=\"en_US\" \/>\n<meta property=\"og:type\" content=\"article\" \/>\n<meta property=\"og:title\" content=\"Oferta - Artremsol\" \/>\n<meta property=\"og:description\" content=\"Oferujemy s\u00f3l drogow\u0105 pochodz\u0105c\u0105 g\u0142\u00f3wnie ze sprawdzonej i uznanej kopalni ARTEMSOL na Ukrainie. To najwi\u0119ksza kopalnia soli w Europie.\" \/>\n<meta property=\"og:url\" content=\"https:\/\/artremsol.pl\/index.php\/oferta\/\" \/>\n<meta property=\"og:site_name\" content=\"Artremsol\" \/>\n<meta property=\"article:modified_time\" content=\"2022-10-11T19:58:55+00:00\" \/>\n<meta name=\"twitter:card\" content=\"summary_large_image\" \/>\n<meta name=\"twitter:label1\" content=\"Est. reading time\" \/>\n\t<meta name=\"twitter:data1\" content=\"1 minute\" \/>\n<script type=\"application\/ld+json\" class=\"yoast-schema-graph\">{\"@context\":\"https:\\\/\\\/schema.org\",\"@graph\":[{\"@type\":\"WebPage\",\"@id\":\"https:\\\/\\\/artremsol.pl\\\/index.php\\\/oferta\\\/\",\"url\":\"https:\\\/\\\/artremsol.pl\\\/index.php\\\/oferta\\\/\",\"name\":\"Oferta - Artremsol\",\"isPartOf\":{\"@id\":\"https:\\\/\\\/artremsol.pl\\\/#website\"},\"datePublished\":\"2018-09-23T20:15:05+00:00\",\"dateModified\":\"2022-10-11T19:58:55+00:00\",\"description\":\"Oferujemy s\u00f3l drogow\u0105 pochodz\u0105c\u0105 g\u0142\u00f3wnie ze sprawdzonej i uznanej kopalni ARTEMSOL na Ukrainie. To najwi\u0119ksza kopalnia soli w Europie.\",\"breadcrumb\":{\"@id\":\"https:\\\/\\\/artremsol.pl\\\/index.php\\\/oferta\\\/#breadcrumb\"},\"inLanguage\":\"en-US\",\"potentialAction\":[{\"@type\":\"ReadAction\",\"target\":[\"https:\\\/\\\/artremsol.pl\\\/index.php\\\/oferta\\\/\"]}]},{\"@type\":\"BreadcrumbList\",\"@id\":\"https:\\\/\\\/artremsol.pl\\\/index.php\\\/oferta\\\/#breadcrumb\",\"itemListElement\":[{\"@type\":\"ListItem\",\"position\":1,\"name\":\"Strona g\u0142\u00f3wna\",\"item\":\"https:\\\/\\\/artremsol.pl\\\/\"},{\"@type\":\"ListItem\",\"position\":2,\"name\":\"Oferta\"}]},{\"@type\":\"WebSite\",\"@id\":\"https:\\\/\\\/artremsol.pl\\\/#website\",\"url\":\"https:\\\/\\\/artremsol.pl\\\/\",\"name\":\"Artremsol - S\u00f3l drogowa\",\"description\":\"S\u00f3l Drogowa\",\"potentialAction\":[{\"@type\":\"SearchAction\",\"target\":{\"@type\":\"EntryPoint\",\"urlTemplate\":\"https:\\\/\\\/artremsol.pl\\\/?s={search_term_string}\"},\"query-input\":{\"@type\":\"PropertyValueSpecification\",\"valueRequired\":true,\"valueName\":\"search_term_string\"}}],\"inLanguage\":\"en-US\"}]}<\/script>\n<!-- \/ Yoast SEO plugin. -->","yoast_head_json":{"title":"Oferta - Artremsol","description":"Oferujemy s\u00f3l drogow\u0105 pochodz\u0105c\u0105 g\u0142\u00f3wnie ze sprawdzonej i uznanej kopalni ARTEMSOL na Ukrainie. To najwi\u0119ksza kopalnia soli w Europie.","robots":{"index":"index","follow":"follow","max-snippet":"max-snippet:-1","max-image-preview":"max-image-preview:large","max-video-preview":"max-video-preview:-1"},"canonical":"https:\/\/artremsol.pl\/index.php\/oferta\/","og_locale":"en_US","og_type":"article","og_title":"Oferta - Artremsol","og_description":"Oferujemy s\u00f3l drogow\u0105 pochodz\u0105c\u0105 g\u0142\u00f3wnie ze sprawdzonej i uznanej kopalni ARTEMSOL na Ukrainie. To najwi\u0119ksza kopalnia soli w Europie.","og_url":"https:\/\/artremsol.pl\/index.php\/oferta\/","og_site_name":"Artremsol","article_modified_time":"2022-10-11T19:58:55+00:00","twitter_card":"summary_large_image","twitter_misc":{"Est. reading time":"1 minute"},"schema":{"@context":"https:\/\/schema.org","@graph":[{"@type":"WebPage","@id":"https:\/\/artremsol.pl\/index.php\/oferta\/","url":"https:\/\/artremsol.pl\/index.php\/oferta\/","name":"Oferta - Artremsol","isPartOf":{"@id":"https:\/\/artremsol.pl\/#website"},"datePublished":"2018-09-23T20:15:05+00:00","dateModified":"2022-10-11T19:58:55+00:00","description":"Oferujemy s\u00f3l drogow\u0105 pochodz\u0105c\u0105 g\u0142\u00f3wnie ze sprawdzonej i uznanej kopalni ARTEMSOL na Ukrainie. To najwi\u0119ksza kopalnia soli w Europie.","breadcrumb":{"@id":"https:\/\/artremsol.pl\/index.php\/oferta\/#breadcrumb"},"inLanguage":"en-US","potentialAction":[{"@type":"ReadAction","target":["https:\/\/artremsol.pl\/index.php\/oferta\/"]}]},{"@type":"BreadcrumbList","@id":"https:\/\/artremsol.pl\/index.php\/oferta\/#breadcrumb","itemListElement":[{"@type":"ListItem","position":1,"name":"Strona g\u0142\u00f3wna","item":"https:\/\/artremsol.pl\/"},{"@type":"ListItem","position":2,"name":"Oferta"}]},{"@type":"WebSite","@id":"https:\/\/artremsol.pl\/#website","url":"https:\/\/artremsol.pl\/","name":"Artremsol - S\u00f3l drogowa","description":"S\u00f3l Drogowa","potentialAction":[{"@type":"SearchAction","target":{"@type":"EntryPoint","urlTemplate":"https:\/\/artremsol.pl\/?s={search_term_string}"},"query-input":{"@type":"PropertyValueSpecification","valueRequired":true,"valueName":"search_term_string"}}],"inLanguage":"en-US"}]}},"_links":{"self":[{"href":"https:\/\/artremsol.pl\/index.php\/wp-json\/wp\/v2\/pages\/13","targetHints":{"allow":["GET"]}}],"collection":[{"href":"https:\/\/artremsol.pl\/index.php\/wp-json\/wp\/v2\/pages"}],"about":[{"href":"https:\/\/artremsol.pl\/index.php\/wp-json\/wp\/v2\/types\/page"}],"author":[{"embeddable":true,"href":"https:\/\/artremsol.pl\/index.php\/wp-json\/wp\/v2\/users\/1"}],"replies":[{"embeddable":true,"href":"https:\/\/artremsol.pl\/index.php\/wp-json\/wp\/v2\/comments?post=13"}],"version-history":[{"count":3,"href":"https:\/\/artremsol.pl\/index.php\/wp-json\/wp\/v2\/pages\/13\/revisions"}],"predecessor-version":[{"id":64,"href":"https:\/\/artremsol.pl\/index.php\/wp-json\/wp\/v2\/pages\/13\/revisions\/64"}],"wp:attachment":[{"href":"https:\/\/artremsol.pl\/index.php\/wp-json\/wp\/v2\/media?parent=13"}],"curies":[{"name":"wp","href":"https:\/\/api.w.org\/{rel}","templated":true}]}}