{"id":15,"date":"2018-09-23T20:15:44","date_gmt":"2018-09-23T20:15:44","guid":{"rendered":"http:\/\/artremsol.pl\/?page_id=15"},"modified":"2018-09-23T20:15:44","modified_gmt":"2018-09-23T20:15:44","slug":"nasze-magazyny","status":"publish","type":"page","link":"https:\/\/artremsol.pl\/index.php\/nasze-magazyny\/","title":{"rendered":"Nasze magazyny"},"content":{"rendered":"<p style=\"text-align: center;\">Zasi\u0119giem sprzeda\u017cy obejmujemy teren ca\u0142ego kraju a tak\u017ce UE (g\u0142\u00f3wnie S\u0142owacja i Czechy).<\/p>\n<p style=\"text-align: center;\">Nasze g\u0142\u00f3wne magazyny zlokalizowane s\u0105 w Rzeszowie i S\u0142awkowie.<\/p>\n","protected":false},"excerpt":{"rendered":"<p>Zasi\u0119giem sprzeda\u017cy obejmujemy teren ca\u0142ego kraju a tak\u017ce UE (g\u0142\u00f3wnie S\u0142owacja i Czechy). Nasze g\u0142\u00f3wne magazyny zlokalizowane s\u0105 w Rzeszowie i S\u0142awkowie.<\/p>\n","protected":false},"author":1,"featured_media":0,"parent":0,"menu_order":0,"comment_status":"closed","ping_status":"closed","template":"","meta":{"footnotes":""},"class_list":["post-15","page","type-page","status-publish","entry"],"yoast_head":"<!-- This site is optimized with the Yoast SEO plugin v27.4 - https:\/\/yoast.com\/product\/yoast-seo-wordpress\/ -->\n<title>Nasze magazyny - Artremsol<\/title>\n<meta name=\"robots\" content=\"index, follow, max-snippet:-1, max-image-preview:large, max-video-preview:-1\" \/>\n<link rel=\"canonical\" href=\"https:\/\/artremsol.pl\/index.php\/nasze-magazyny\/\" \/>\n<meta property=\"og:locale\" content=\"en_US\" \/>\n<meta property=\"og:type\" content=\"article\" \/>\n<meta property=\"og:title\" content=\"Nasze magazyny - Artremsol\" \/>\n<meta property=\"og:description\" content=\"Zasi\u0119giem sprzeda\u017cy obejmujemy teren ca\u0142ego kraju a tak\u017ce UE (g\u0142\u00f3wnie S\u0142owacja i Czechy). Nasze g\u0142\u00f3wne magazyny zlokalizowane s\u0105 w Rzeszowie i S\u0142awkowie.\" \/>\n<meta property=\"og:url\" content=\"https:\/\/artremsol.pl\/index.php\/nasze-magazyny\/\" \/>\n<meta property=\"og:site_name\" content=\"Artremsol\" \/>\n<meta name=\"twitter:card\" content=\"summary_large_image\" \/>\n<script type=\"application\/ld+json\" class=\"yoast-schema-graph\">{\"@context\":\"https:\\\/\\\/schema.org\",\"@graph\":[{\"@type\":\"WebPage\",\"@id\":\"https:\\\/\\\/artremsol.pl\\\/index.php\\\/nasze-magazyny\\\/\",\"url\":\"https:\\\/\\\/artremsol.pl\\\/index.php\\\/nasze-magazyny\\\/\",\"name\":\"Nasze magazyny - Artremsol\",\"isPartOf\":{\"@id\":\"https:\\\/\\\/artremsol.pl\\\/#website\"},\"datePublished\":\"2018-09-23T20:15:44+00:00\",\"breadcrumb\":{\"@id\":\"https:\\\/\\\/artremsol.pl\\\/index.php\\\/nasze-magazyny\\\/#breadcrumb\"},\"inLanguage\":\"en-US\",\"potentialAction\":[{\"@type\":\"ReadAction\",\"target\":[\"https:\\\/\\\/artremsol.pl\\\/index.php\\\/nasze-magazyny\\\/\"]}]},{\"@type\":\"BreadcrumbList\",\"@id\":\"https:\\\/\\\/artremsol.pl\\\/index.php\\\/nasze-magazyny\\\/#breadcrumb\",\"itemListElement\":[{\"@type\":\"ListItem\",\"position\":1,\"name\":\"Strona g\u0142\u00f3wna\",\"item\":\"https:\\\/\\\/artremsol.pl\\\/\"},{\"@type\":\"ListItem\",\"position\":2,\"name\":\"Nasze magazyny\"}]},{\"@type\":\"WebSite\",\"@id\":\"https:\\\/\\\/artremsol.pl\\\/#website\",\"url\":\"https:\\\/\\\/artremsol.pl\\\/\",\"name\":\"Artremsol - S\u00f3l drogowa\",\"description\":\"S\u00f3l Drogowa\",\"potentialAction\":[{\"@type\":\"SearchAction\",\"target\":{\"@type\":\"EntryPoint\",\"urlTemplate\":\"https:\\\/\\\/artremsol.pl\\\/?s={search_term_string}\"},\"query-input\":{\"@type\":\"PropertyValueSpecification\",\"valueRequired\":true,\"valueName\":\"search_term_string\"}}],\"inLanguage\":\"en-US\"}]}<\/script>\n<!-- \/ Yoast SEO plugin. -->","yoast_head_json":{"title":"Nasze magazyny - Artremsol","robots":{"index":"index","follow":"follow","max-snippet":"max-snippet:-1","max-image-preview":"max-image-preview:large","max-video-preview":"max-video-preview:-1"},"canonical":"https:\/\/artremsol.pl\/index.php\/nasze-magazyny\/","og_locale":"en_US","og_type":"article","og_title":"Nasze magazyny - Artremsol","og_description":"Zasi\u0119giem sprzeda\u017cy obejmujemy teren ca\u0142ego kraju a tak\u017ce UE (g\u0142\u00f3wnie S\u0142owacja i Czechy). Nasze g\u0142\u00f3wne magazyny zlokalizowane s\u0105 w Rzeszowie i S\u0142awkowie.","og_url":"https:\/\/artremsol.pl\/index.php\/nasze-magazyny\/","og_site_name":"Artremsol","twitter_card":"summary_large_image","schema":{"@context":"https:\/\/schema.org","@graph":[{"@type":"WebPage","@id":"https:\/\/artremsol.pl\/index.php\/nasze-magazyny\/","url":"https:\/\/artremsol.pl\/index.php\/nasze-magazyny\/","name":"Nasze magazyny - Artremsol","isPartOf":{"@id":"https:\/\/artremsol.pl\/#website"},"datePublished":"2018-09-23T20:15:44+00:00","breadcrumb":{"@id":"https:\/\/artremsol.pl\/index.php\/nasze-magazyny\/#breadcrumb"},"inLanguage":"en-US","potentialAction":[{"@type":"ReadAction","target":["https:\/\/artremsol.pl\/index.php\/nasze-magazyny\/"]}]},{"@type":"BreadcrumbList","@id":"https:\/\/artremsol.pl\/index.php\/nasze-magazyny\/#breadcrumb","itemListElement":[{"@type":"ListItem","position":1,"name":"Strona g\u0142\u00f3wna","item":"https:\/\/artremsol.pl\/"},{"@type":"ListItem","position":2,"name":"Nasze magazyny"}]},{"@type":"WebSite","@id":"https:\/\/artremsol.pl\/#website","url":"https:\/\/artremsol.pl\/","name":"Artremsol - S\u00f3l drogowa","description":"S\u00f3l Drogowa","potentialAction":[{"@type":"SearchAction","target":{"@type":"EntryPoint","urlTemplate":"https:\/\/artremsol.pl\/?s={search_term_string}"},"query-input":{"@type":"PropertyValueSpecification","valueRequired":true,"valueName":"search_term_string"}}],"inLanguage":"en-US"}]}},"_links":{"self":[{"href":"https:\/\/artremsol.pl\/index.php\/wp-json\/wp\/v2\/pages\/15","targetHints":{"allow":["GET"]}}],"collection":[{"href":"https:\/\/artremsol.pl\/index.php\/wp-json\/wp\/v2\/pages"}],"about":[{"href":"https:\/\/artremsol.pl\/index.php\/wp-json\/wp\/v2\/types\/page"}],"author":[{"embeddable":true,"href":"https:\/\/artremsol.pl\/index.php\/wp-json\/wp\/v2\/users\/1"}],"replies":[{"embeddable":true,"href":"https:\/\/artremsol.pl\/index.php\/wp-json\/wp\/v2\/comments?post=15"}],"version-history":[{"count":1,"href":"https:\/\/artremsol.pl\/index.php\/wp-json\/wp\/v2\/pages\/15\/revisions"}],"predecessor-version":[{"id":16,"href":"https:\/\/artremsol.pl\/index.php\/wp-json\/wp\/v2\/pages\/15\/revisions\/16"}],"wp:attachment":[{"href":"https:\/\/artremsol.pl\/index.php\/wp-json\/wp\/v2\/media?parent=15"}],"curies":[{"name":"wp","href":"https:\/\/api.w.org\/{rel}","templated":true}]}}