{"id":19,"date":"2018-09-23T20:17:53","date_gmt":"2018-09-23T20:17:53","guid":{"rendered":"http:\/\/artremsol.pl\/?page_id=19"},"modified":"2022-10-11T19:57:28","modified_gmt":"2022-10-11T19:57:28","slug":"kontakt","status":"publish","type":"page","link":"https:\/\/artremsol.pl\/index.php\/kontakt\/","title":{"rendered":"Kontakt"},"content":{"rendered":"<p style=\"text-align: center;\"><strong>ARTREMSOL<\/strong><\/p>\n<p style=\"text-align: center;\">Artur Ziemniak<\/p>\n<p style=\"text-align: center;\">Biuro: ul. \u0141\u0105kowa 11<\/p>\n<p style=\"text-align: center;\">35-112 Rzesz\u00f3w<\/p>\n<p style=\"text-align: center;\">NIP: 813-312-61-93<\/p>\n<p style=\"text-align: center;\">REGON: 691763458<\/p>\n<p style=\"text-align: center;\">Telefon:<br \/>\nBiuro: +48 537 500 601<br \/>\nW\u0142a\u015bciciel: +48 660 312 271<\/p>\n<p style=\"text-align: center;\">Email: <a href=\"mailto:art_rem@op.pl\">art_rem@op.pl<\/a><\/p>\n","protected":false},"excerpt":{"rendered":"<p>ARTREMSOL Artur Ziemniak Biuro: ul. \u0141\u0105kowa 11 35-112 Rzesz\u00f3w NIP: 813-312-61-93 REGON: 691763458 Telefon: Biuro: +48 537 500 601 W\u0142a\u015bciciel: +48 660 312 271 Email: art_rem@op.pl<\/p>\n","protected":false},"author":1,"featured_media":0,"parent":0,"menu_order":0,"comment_status":"closed","ping_status":"closed","template":"","meta":{"footnotes":""},"class_list":["post-19","page","type-page","status-publish","entry"],"yoast_head":"<!-- This site is optimized with the Yoast SEO plugin v27.4 - https:\/\/yoast.com\/product\/yoast-seo-wordpress\/ -->\n<title>Kontakt - Artremsol<\/title>\n<meta name=\"description\" content=\"S\u00f3l drogowa. Zasi\u0119giem sprzeda\u017cy obejmujemy teren ca\u0142ego kraju a tak\u017ce UE (g\u0142\u00f3wnie S\u0142owacja i Czechy). Nasze g\u0142\u00f3wne magazyny zlokalizowane s\u0105 w Rzeszowie i S\u0142awkowie.\" \/>\n<meta name=\"robots\" content=\"index, follow, max-snippet:-1, max-image-preview:large, max-video-preview:-1\" \/>\n<link rel=\"canonical\" href=\"https:\/\/artremsol.pl\/index.php\/kontakt\/\" \/>\n<meta property=\"og:locale\" content=\"en_US\" \/>\n<meta property=\"og:type\" content=\"article\" \/>\n<meta property=\"og:title\" content=\"Kontakt - Artremsol\" \/>\n<meta property=\"og:description\" content=\"S\u00f3l drogowa. Zasi\u0119giem sprzeda\u017cy obejmujemy teren ca\u0142ego kraju a tak\u017ce UE (g\u0142\u00f3wnie S\u0142owacja i Czechy). Nasze g\u0142\u00f3wne magazyny zlokalizowane s\u0105 w Rzeszowie i S\u0142awkowie.\" \/>\n<meta property=\"og:url\" content=\"https:\/\/artremsol.pl\/index.php\/kontakt\/\" \/>\n<meta property=\"og:site_name\" content=\"Artremsol\" \/>\n<meta property=\"article:modified_time\" content=\"2022-10-11T19:57:28+00:00\" \/>\n<meta name=\"twitter:card\" content=\"summary_large_image\" \/>\n<meta name=\"twitter:label1\" content=\"Est. reading time\" \/>\n\t<meta name=\"twitter:data1\" content=\"1 minute\" \/>\n<script type=\"application\/ld+json\" class=\"yoast-schema-graph\">{\"@context\":\"https:\\\/\\\/schema.org\",\"@graph\":[{\"@type\":\"WebPage\",\"@id\":\"https:\\\/\\\/artremsol.pl\\\/index.php\\\/kontakt\\\/\",\"url\":\"https:\\\/\\\/artremsol.pl\\\/index.php\\\/kontakt\\\/\",\"name\":\"Kontakt - Artremsol\",\"isPartOf\":{\"@id\":\"https:\\\/\\\/artremsol.pl\\\/#website\"},\"datePublished\":\"2018-09-23T20:17:53+00:00\",\"dateModified\":\"2022-10-11T19:57:28+00:00\",\"description\":\"S\u00f3l drogowa. Zasi\u0119giem sprzeda\u017cy obejmujemy teren ca\u0142ego kraju a tak\u017ce UE (g\u0142\u00f3wnie S\u0142owacja i Czechy). Nasze g\u0142\u00f3wne magazyny zlokalizowane s\u0105 w Rzeszowie i S\u0142awkowie.\",\"breadcrumb\":{\"@id\":\"https:\\\/\\\/artremsol.pl\\\/index.php\\\/kontakt\\\/#breadcrumb\"},\"inLanguage\":\"en-US\",\"potentialAction\":[{\"@type\":\"ReadAction\",\"target\":[\"https:\\\/\\\/artremsol.pl\\\/index.php\\\/kontakt\\\/\"]}]},{\"@type\":\"BreadcrumbList\",\"@id\":\"https:\\\/\\\/artremsol.pl\\\/index.php\\\/kontakt\\\/#breadcrumb\",\"itemListElement\":[{\"@type\":\"ListItem\",\"position\":1,\"name\":\"Strona g\u0142\u00f3wna\",\"item\":\"https:\\\/\\\/artremsol.pl\\\/\"},{\"@type\":\"ListItem\",\"position\":2,\"name\":\"Kontakt\"}]},{\"@type\":\"WebSite\",\"@id\":\"https:\\\/\\\/artremsol.pl\\\/#website\",\"url\":\"https:\\\/\\\/artremsol.pl\\\/\",\"name\":\"Artremsol - S\u00f3l drogowa\",\"description\":\"S\u00f3l Drogowa\",\"potentialAction\":[{\"@type\":\"SearchAction\",\"target\":{\"@type\":\"EntryPoint\",\"urlTemplate\":\"https:\\\/\\\/artremsol.pl\\\/?s={search_term_string}\"},\"query-input\":{\"@type\":\"PropertyValueSpecification\",\"valueRequired\":true,\"valueName\":\"search_term_string\"}}],\"inLanguage\":\"en-US\"}]}<\/script>\n<!-- \/ Yoast SEO plugin. -->","yoast_head_json":{"title":"Kontakt - Artremsol","description":"S\u00f3l drogowa. Zasi\u0119giem sprzeda\u017cy obejmujemy teren ca\u0142ego kraju a tak\u017ce UE (g\u0142\u00f3wnie S\u0142owacja i Czechy). Nasze g\u0142\u00f3wne magazyny zlokalizowane s\u0105 w Rzeszowie i S\u0142awkowie.","robots":{"index":"index","follow":"follow","max-snippet":"max-snippet:-1","max-image-preview":"max-image-preview:large","max-video-preview":"max-video-preview:-1"},"canonical":"https:\/\/artremsol.pl\/index.php\/kontakt\/","og_locale":"en_US","og_type":"article","og_title":"Kontakt - Artremsol","og_description":"S\u00f3l drogowa. Zasi\u0119giem sprzeda\u017cy obejmujemy teren ca\u0142ego kraju a tak\u017ce UE (g\u0142\u00f3wnie S\u0142owacja i Czechy). Nasze g\u0142\u00f3wne magazyny zlokalizowane s\u0105 w Rzeszowie i S\u0142awkowie.","og_url":"https:\/\/artremsol.pl\/index.php\/kontakt\/","og_site_name":"Artremsol","article_modified_time":"2022-10-11T19:57:28+00:00","twitter_card":"summary_large_image","twitter_misc":{"Est. reading time":"1 minute"},"schema":{"@context":"https:\/\/schema.org","@graph":[{"@type":"WebPage","@id":"https:\/\/artremsol.pl\/index.php\/kontakt\/","url":"https:\/\/artremsol.pl\/index.php\/kontakt\/","name":"Kontakt - Artremsol","isPartOf":{"@id":"https:\/\/artremsol.pl\/#website"},"datePublished":"2018-09-23T20:17:53+00:00","dateModified":"2022-10-11T19:57:28+00:00","description":"S\u00f3l drogowa. Zasi\u0119giem sprzeda\u017cy obejmujemy teren ca\u0142ego kraju a tak\u017ce UE (g\u0142\u00f3wnie S\u0142owacja i Czechy). Nasze g\u0142\u00f3wne magazyny zlokalizowane s\u0105 w Rzeszowie i S\u0142awkowie.","breadcrumb":{"@id":"https:\/\/artremsol.pl\/index.php\/kontakt\/#breadcrumb"},"inLanguage":"en-US","potentialAction":[{"@type":"ReadAction","target":["https:\/\/artremsol.pl\/index.php\/kontakt\/"]}]},{"@type":"BreadcrumbList","@id":"https:\/\/artremsol.pl\/index.php\/kontakt\/#breadcrumb","itemListElement":[{"@type":"ListItem","position":1,"name":"Strona g\u0142\u00f3wna","item":"https:\/\/artremsol.pl\/"},{"@type":"ListItem","position":2,"name":"Kontakt"}]},{"@type":"WebSite","@id":"https:\/\/artremsol.pl\/#website","url":"https:\/\/artremsol.pl\/","name":"Artremsol - S\u00f3l drogowa","description":"S\u00f3l Drogowa","potentialAction":[{"@type":"SearchAction","target":{"@type":"EntryPoint","urlTemplate":"https:\/\/artremsol.pl\/?s={search_term_string}"},"query-input":{"@type":"PropertyValueSpecification","valueRequired":true,"valueName":"search_term_string"}}],"inLanguage":"en-US"}]}},"_links":{"self":[{"href":"https:\/\/artremsol.pl\/index.php\/wp-json\/wp\/v2\/pages\/19","targetHints":{"allow":["GET"]}}],"collection":[{"href":"https:\/\/artremsol.pl\/index.php\/wp-json\/wp\/v2\/pages"}],"about":[{"href":"https:\/\/artremsol.pl\/index.php\/wp-json\/wp\/v2\/types\/page"}],"author":[{"embeddable":true,"href":"https:\/\/artremsol.pl\/index.php\/wp-json\/wp\/v2\/users\/1"}],"replies":[{"embeddable":true,"href":"https:\/\/artremsol.pl\/index.php\/wp-json\/wp\/v2\/comments?post=19"}],"version-history":[{"count":6,"href":"https:\/\/artremsol.pl\/index.php\/wp-json\/wp\/v2\/pages\/19\/revisions"}],"predecessor-version":[{"id":63,"href":"https:\/\/artremsol.pl\/index.php\/wp-json\/wp\/v2\/pages\/19\/revisions\/63"}],"wp:attachment":[{"href":"https:\/\/artremsol.pl\/index.php\/wp-json\/wp\/v2\/media?parent=19"}],"curies":[{"name":"wp","href":"https:\/\/api.w.org\/{rel}","templated":true}]}}